{"id":9,"date":"2026-02-16T17:17:07","date_gmt":"2026-02-16T17:17:07","guid":{"rendered":"https:\/\/dobledigital.es\/?page_id=9"},"modified":"2026-02-24T18:02:26","modified_gmt":"2026-02-24T18:02:26","slug":"inicio","status":"publish","type":"page","link":"https:\/\/dobledigital.es\/","title":{"rendered":"Inicio"},"content":{"rendered":"\n<div class=\"wp-block-uagb-container uagb-block-a658c0a8 alignfull uagb-is-root-container\"><div class=\"uagb-container-inner-blocks-wrap\">\n<div class=\"wp-block-uagb-advanced-heading uagb-block-d6c10312\"><h3 class=\"uagb-heading-text\">DobleDigital<\/h3><\/div>\n<\/div><\/div>\n\n\n\n<div class=\"wp-block-uagb-container uagb-block-eb4f24d8 alignfull uagb-is-root-container\"><div class=\"uagb-container-inner-blocks-wrap\">\n<div class=\"wp-block-uagb-container uagb-block-f124be82\">\n<figure class=\"wp-block-video\"><video height=\"2160\" style=\"aspect-ratio: 3840 \/ 2160;\" width=\"3840\" autoplay loop muted src=\"https:\/\/dobledigital.es\/wp-content\/uploads\/2026\/02\/151f54c8-910c-49c3-93ec-47c19abecc80.mp4\" playsinline><\/video><\/figure>\n<\/div>\n\n\n\n<div class=\"wp-block-uagb-container uagb-layout-flex uagb-block-481f0832\">\n<div class=\"wp-block-uagb-advanced-heading uagb-block-aa32c0f5\"><h2 class=\"uagb-heading-text\">DobleDigital: Guardianes de la memoria<\/h2><\/div>\n\n\n\n<p>En <strong>Ja\u00e9n<\/strong>, naci\u00f3 un proyecto con una misi\u00f3n clara: rescatar el pasado para asegurar su futuro. Lo que comenz\u00f3 en 2007 ha evolucionado a lo que hoy somos: <strong>DobleDigital<\/strong>, una empresa especializada en la digitalizaci\u00f3n de alta precisi\u00f3n, metadataci\u00f3n y dise\u00f1o gr\u00e1fico profesional.<\/p>\n\n\n\n<p>Transformamos archivos f\u00edsicos vulnerables en activos digitales eternos, siguiendo las normas m\u00e1s estrictas de calidad. Nuestra experiencia no se cuenta en a\u00f1os, sino en hitos: desde la digitalizaci\u00f3n de incunables del siglo XV hasta la recuperaci\u00f3n de la memoria gr\u00e1fica de nuestra geograf\u00eda.<\/p>\n<\/div>\n<\/div><\/div>\n\n\n\n<div class=\"wp-block-uagb-container uagb-layout-flex uagb-block-80b63f11 alignfull uagb-is-root-container\"><div class=\"uagb-container-inner-blocks-wrap\">\n<div class=\"wp-block-uagb-container uagb-block-e9cba54a\">\n<figure class=\"wp-block-image size-full\"><img loading=\"lazy\" decoding=\"async\" width=\"1000\" height=\"800\" src=\"https:\/\/dobledigital.es\/wp-content\/uploads\/2026\/02\/estudio.webp\" alt=\"\" class=\"wp-image-17\" style=\"object-fit:cover\" srcset=\"https:\/\/dobledigital.es\/wp-content\/uploads\/2026\/02\/estudio.webp 1000w, https:\/\/dobledigital.es\/wp-content\/uploads\/2026\/02\/estudio-300x240.webp 300w, https:\/\/dobledigital.es\/wp-content\/uploads\/2026\/02\/estudio-768x614.webp 768w\" sizes=\"auto, (max-width: 1000px) 100vw, 1000px\" \/><\/figure>\n\n\n\n<div class=\"wp-block-uagb-advanced-heading uagb-block-e73ea64e\"><h3 class=\"uagb-heading-text\">Dise\u00f1o Gr\u00e1fico<\/h3><\/div>\n\n\n\n<div class=\"wp-block-uagb-buttons uagb-buttons__outer-wrap uagb-btn__small-btn uagb-btn-tablet__default-btn uagb-btn-mobile__default-btn uagb-block-9c2fb3b3\"><div class=\"uagb-buttons__wrap uagb-buttons-layout-wrap \">\n<div class=\"wp-block-uagb-buttons-child uagb-buttons__outer-wrap uagb-block-b9b3af26 wp-block-button\"><div class=\"uagb-button__wrapper\"><a class=\"uagb-buttons-repeater wp-block-button__link\" aria-label=\"\" href=\"https:\/\/dobledigital.es\/index.php\/portfolio\/\" rel=\"follow noopener\" target=\"_self\" role=\"button\"><div class=\"uagb-button__link\">Portfolio<\/div><\/a><\/div><\/div>\n<\/div><\/div>\n<\/div>\n\n\n\n<div class=\"wp-block-uagb-container uagb-block-c0fa0965\">\n<figure class=\"wp-block-image size-full\"><img loading=\"lazy\" decoding=\"async\" width=\"1000\" height=\"800\" src=\"https:\/\/dobledigital.es\/wp-content\/uploads\/2026\/02\/digitalizacion.webp\" alt=\"\" class=\"wp-image-18\" srcset=\"https:\/\/dobledigital.es\/wp-content\/uploads\/2026\/02\/digitalizacion.webp 1000w, https:\/\/dobledigital.es\/wp-content\/uploads\/2026\/02\/digitalizacion-300x240.webp 300w, https:\/\/dobledigital.es\/wp-content\/uploads\/2026\/02\/digitalizacion-768x614.webp 768w\" sizes=\"auto, (max-width: 1000px) 100vw, 1000px\" \/><\/figure>\n\n\n\n<div class=\"wp-block-uagb-advanced-heading uagb-block-a272de53\"><h3 class=\"uagb-heading-text\">Digitalizaci\u00f3n<\/h3><\/div>\n\n\n\n<div class=\"wp-block-uagb-buttons uagb-buttons__outer-wrap uagb-btn__small-btn uagb-btn-tablet__default-btn uagb-btn-mobile__default-btn uagb-block-49736005\"><div class=\"uagb-buttons__wrap uagb-buttons-layout-wrap \">\n<div class=\"wp-block-uagb-buttons-child uagb-buttons__outer-wrap uagb-block-993fad3b wp-block-button\"><div class=\"uagb-button__wrapper\"><a class=\"uagb-buttons-repeater wp-block-button__link\" aria-label=\"\" href=\"https:\/\/dobledigital.es\/index.php\/portfolio\/\" rel=\"follow noopener\" target=\"_self\" role=\"button\"><div class=\"uagb-button__link\">Portfolio<\/div><\/a><\/div><\/div>\n<\/div><\/div>\n<\/div>\n\n\n\n<div class=\"wp-block-uagb-container uagb-block-1e734400\">\n<figure class=\"wp-block-image size-full\"><img loading=\"lazy\" decoding=\"async\" width=\"1000\" height=\"800\" src=\"https:\/\/dobledigital.es\/wp-content\/uploads\/2026\/02\/metadatos.webp\" alt=\"\" class=\"wp-image-73\" srcset=\"https:\/\/dobledigital.es\/wp-content\/uploads\/2026\/02\/metadatos.webp 1000w, https:\/\/dobledigital.es\/wp-content\/uploads\/2026\/02\/metadatos-300x240.webp 300w, https:\/\/dobledigital.es\/wp-content\/uploads\/2026\/02\/metadatos-768x614.webp 768w\" sizes=\"auto, (max-width: 1000px) 100vw, 1000px\" \/><\/figure>\n\n\n\n<div class=\"wp-block-uagb-advanced-heading uagb-block-90672c64\"><h3 class=\"uagb-heading-text\">Metadataci\u00f3n<\/h3><\/div>\n\n\n\n<div class=\"wp-block-uagb-buttons uagb-buttons__outer-wrap uagb-btn__small-btn uagb-btn-tablet__default-btn uagb-btn-mobile__default-btn uagb-block-1e27a794\"><div class=\"uagb-buttons__wrap uagb-buttons-layout-wrap \">\n<div class=\"wp-block-uagb-buttons-child uagb-buttons__outer-wrap uagb-block-bdbeda0e wp-block-button\"><div class=\"uagb-button__wrapper\"><a class=\"uagb-buttons-repeater wp-block-button__link\" aria-label=\"\" href=\"https:\/\/dobledigital.es\/index.php\/portfolio\/\" rel=\"follow noopener\" target=\"_self\" role=\"button\"><div class=\"uagb-button__link\">Portfolio<\/div><\/a><\/div><\/div>\n<\/div><\/div>\n<\/div>\n<\/div><\/div>\n\n\n\n<div class=\"wp-block-uagb-container uagb-layout-flex uagb-block-5758623b alignfull uagb-is-root-container\"><div class=\"uagb-container-inner-blocks-wrap\">\n<figure class=\"wp-block-image aligncenter size-medium is-resized\"><img loading=\"lazy\" decoding=\"async\" width=\"300\" height=\"209\" src=\"https:\/\/dobledigital.es\/wp-content\/uploads\/2026\/02\/logo-300x209.png\" alt=\"\" class=\"wp-image-25\" style=\"width:168px;height:auto\" srcset=\"https:\/\/dobledigital.es\/wp-content\/uploads\/2026\/02\/logo-300x209.png 300w, https:\/\/dobledigital.es\/wp-content\/uploads\/2026\/02\/logo.png 437w\" sizes=\"auto, (max-width: 300px) 100vw, 300px\" \/><\/figure>\n\n\n\n<p class=\"has-text-align-center has-ast-global-color-4-color has-text-color has-link-color has-medium-font-size wp-elements-054632fd134962c99ada66beba1d5217\" style=\"margin-top:0;margin-right:0;margin-bottom:0;margin-left:0;padding-top:0;padding-bottom:0\"><strong><strong>Guardianes de la memoria, expertos en el futuro digital<\/strong><\/strong><\/p>\n<\/div><\/div>\n\n\n\n<div class=\"wp-block-uagb-container uagb-layout-flex uagb-block-30abb7f8 alignfull uagb-is-root-container\"><div class=\"uagb-container-inner-blocks-wrap\">\n<p class=\"has-text-align-center has-small-font-size\">\u00a9 2026 DobleDigital | Dise\u00f1o Gr\u00e1fico | Digitalizaci\u00f3n Documental | Metadataci\u00f3n<\/p>\n<\/div><\/div>\n\n\n\n<p><\/p>\n","protected":false},"excerpt":{"rendered":"<p>DobleDigital DobleDigital: Guardianes de la memoria En Ja\u00e9n, naci\u00f3 un proyecto con una misi\u00f3n clara: rescatar el pasado para asegurar [&hellip;]<\/p>\n","protected":false},"author":1,"featured_media":0,"parent":0,"menu_order":0,"comment_status":"closed","ping_status":"closed","template":"","meta":{"_uag_custom_page_level_css":"","site-sidebar-layout":"no-sidebar","site-content-layout":"","ast-site-content-layout":"default","site-content-style":"default","site-sidebar-style":"default","ast-global-header-display":"","ast-banner-title-visibility":"","ast-main-header-display":"","ast-hfb-above-header-display":"","ast-hfb-below-header-display":"","ast-hfb-mobile-header-display":"","site-post-title":"disabled","ast-breadcrumbs-content":"","ast-featured-img":"","footer-sml-layout":"","ast-disable-related-posts":"","theme-transparent-header-meta":"","adv-header-id-meta":"","stick-header-meta":"","header-above-stick-meta":"","header-main-stick-meta":"","header-below-stick-meta":"","astra-migrate-meta-layouts":"default","ast-page-background-enabled":"default","ast-page-background-meta":{"desktop":{"background-color":"var(--ast-global-color-5)","background-image":"","background-repeat":"repeat","background-position":"center center","background-size":"auto","background-attachment":"scroll","background-type":"","background-media":"","overlay-type":"","overlay-color":"","overlay-opacity":"","overlay-gradient":""},"tablet":{"background-color":"","background-image":"","background-repeat":"repeat","background-position":"center center","background-size":"auto","background-attachment":"scroll","background-type":"","background-media":"","overlay-type":"","overlay-color":"","overlay-opacity":"","overlay-gradient":""},"mobile":{"background-color":"","background-image":"","background-repeat":"repeat","background-position":"center center","background-size":"auto","background-attachment":"scroll","background-type":"","background-media":"","overlay-type":"","overlay-color":"","overlay-opacity":"","overlay-gradient":""}},"ast-content-background-meta":{"desktop":{"background-color":"var(--ast-global-color-4)","background-image":"","background-repeat":"repeat","background-position":"center center","background-size":"auto","background-attachment":"scroll","background-type":"","background-media":"","overlay-type":"","overlay-color":"","overlay-opacity":"","overlay-gradient":""},"tablet":{"background-color":"var(--ast-global-color-4)","background-image":"","background-repeat":"repeat","background-position":"center center","background-size":"auto","background-attachment":"scroll","background-type":"","background-media":"","overlay-type":"","overlay-color":"","overlay-opacity":"","overlay-gradient":""},"mobile":{"background-color":"var(--ast-global-color-4)","background-image":"","background-repeat":"repeat","background-position":"center center","background-size":"auto","background-attachment":"scroll","background-type":"","background-media":"","overlay-type":"","overlay-color":"","overlay-opacity":"","overlay-gradient":""}},"footnotes":""},"class_list":["post-9","page","type-page","status-publish","hentry"],"uagb_featured_image_src":{"full":false,"thumbnail":false,"medium":false,"medium_large":false,"large":false,"1536x1536":false,"2048x2048":false},"uagb_author_info":{"display_name":"admin","author_link":"https:\/\/dobledigital.es\/index.php\/author\/pedro088cm\/"},"uagb_comment_info":0,"uagb_excerpt":"DobleDigital DobleDigital: Guardianes de la memoria En Ja\u00e9n, naci\u00f3 un proyecto con una misi\u00f3n clara: rescatar el pasado para asegurar [&hellip;]","_links":{"self":[{"href":"https:\/\/dobledigital.es\/index.php\/wp-json\/wp\/v2\/pages\/9","targetHints":{"allow":["GET"]}}],"collection":[{"href":"https:\/\/dobledigital.es\/index.php\/wp-json\/wp\/v2\/pages"}],"about":[{"href":"https:\/\/dobledigital.es\/index.php\/wp-json\/wp\/v2\/types\/page"}],"author":[{"embeddable":true,"href":"https:\/\/dobledigital.es\/index.php\/wp-json\/wp\/v2\/users\/1"}],"replies":[{"embeddable":true,"href":"https:\/\/dobledigital.es\/index.php\/wp-json\/wp\/v2\/comments?post=9"}],"version-history":[{"count":53,"href":"https:\/\/dobledigital.es\/index.php\/wp-json\/wp\/v2\/pages\/9\/revisions"}],"predecessor-version":[{"id":303,"href":"https:\/\/dobledigital.es\/index.php\/wp-json\/wp\/v2\/pages\/9\/revisions\/303"}],"wp:attachment":[{"href":"https:\/\/dobledigital.es\/index.php\/wp-json\/wp\/v2\/media?parent=9"}],"curies":[{"name":"wp","href":"https:\/\/api.w.org\/{rel}","templated":true}]}}